{"id":7524,"date":"2022-02-14T09:58:20","date_gmt":"2022-02-14T09:58:20","guid":{"rendered":"https:\/\/inesalexandreadvogados.site\/?page_id=7524"},"modified":"2022-02-14T10:03:15","modified_gmt":"2022-02-14T10:03:15","slug":"termos-e-condicoes","status":"publish","type":"page","link":"https:\/\/inesalexandre-advogados.pt\/en\/termos-e-condicoes\/","title":{"rendered":"Terms &amp; Conditions"},"content":{"rendered":"<h4 class=\"wp-block-heading\">&nbsp;<\/h4>\n\n\n\n<h2 class=\"wp-block-heading\" id=\"termos-e-condicoes\">Terms &amp; Conditions<\/h2>\n\n\n\n<h4 class=\"wp-block-heading\" id=\"1-introducao\"><strong>1. Introduction<\/strong><\/h4>\n\n\n\n<p>This Site was created, owned and operated by <strong>IN\u00caS ALEXANDRE ADVOGADOS, <\/strong>its use is governed by these Terms and Conditions of Use.<\/p>\n\n\n\n<h4 class=\"wp-block-heading\" id=\"2-acesso-ao-site\"><strong>&nbsp;2. Access to the Website&nbsp;<\/strong><\/h4>\n\n\n\n<p>- <strong>IN\u00caS ALEXANDRE ADVOGADOS<\/strong> makes this Site available to users exclusively for informational and non-commercial or advertising purposes. The information contained in this Site cannot be understood as legal advice. The information contained on this Site is not confidential and does not establish an attorney-client relationship with <strong>IN\u00caS ALEXANDRE ADVOGADOS<\/strong> or with any of its lawyers. The Site does not constitute a proposal to represent the User and the User must not act or fail to act on the basis of any information contained in this Site.<\/p>\n\n\n\n<p>- <strong>IN\u00caS ALEXANDRE ADVOGADOS<\/strong> has the exclusive right to, at any time, suspend, partially or totally, access to the Website, in particular in the operations of management, maintenance, repair, alteration or modernization and to terminate, definitively or temporarily, partially or totally, at any time, the site.<\/p>\n\n\n\n<h4 class=\"wp-block-heading\" id=\"3-aceitacao-dos-termos-e-condicoes-de-utilizacao\"><strong>&nbsp;3. Acceptance of Terms and Conditions of Use<\/strong><\/h4>\n\n\n\n<p>Please read these Terms and Conditions of Use carefully before using this Site. The user of the Site (\u201cUser\u201d) acknowledges that by using this Site he is accepting these Terms and Conditions of Use, which are binding between the User and the <strong>IN\u00caS ALEXANDRE ADVOGADOS<\/strong>. If you do not agree with these Terms and Conditions of Use, please do not use this Site.<\/p>\n\n\n\n<h4 class=\"wp-block-heading\" id=\"4-direitos-de-propriedade-intelectual\"><strong>&nbsp;4. Intellectual property rights<\/strong><\/h4>\n\n\n\n<p>The User acknowledges that the contents of this Site are protected by intellectual property rights and undertakes to respect such rights.<\/p>\n\n\n\n<p>The rights over texts, images, graphics, sound and animation and all other information and the way in which they are graphically represented on the Site, including brands, logos and symbols, as well as the layout and structure of the Site are the property of <strong>IN\u00caS ALEXANDRE ADVOGADOS<\/strong> or have been duly licensed in favor of the <strong>IN\u00caS ALEXANDRE ADVOGADOS<\/strong>.<\/p>\n\n\n\n<p>The User is not authorized to transmit, publish, modify, copy, sell, use or distribute, in any way, the texts, images or other information contained in this Site or part of the Site without the prior written authorization of the <strong>IN\u00caS ALEXANDRE ADVOGADOS<\/strong>. The use of brands and logos on this Site, as well as the provision of existing materials on the Site, do not grant, and cannot be interpreted as granting, permission to Users to use, directly or indirectly, such brands, logos or materials.<\/p>\n\n\n\n<p>This Site also contains references to third party intellectual property objects. Nothing in these Terms and Conditions of Use constitutes a grant of a license or authorization with respect to any part of that information.<\/p>\n\n\n\n<h4 class=\"wp-block-heading\" id=\"5-tratamento-de-dados-pessoais\"><strong>&nbsp;5. Processing of personal data<\/strong><\/h4>\n\n\n\n<p>- <strong>IN\u00caS ALEXANDRE ADVOGADOS<\/strong> is committed to protecting the privacy of the Site User. Navigation through this website does not necessarily imply the provision of personal data.<\/p>\n\n\n\n<p>- <strong>IN\u00caS ALEXANDRE ADVOGADOS<\/strong> does, however, make available, through this Website, online application forms. Completing these forms implies the provision of personal data, which are used in accordance with the terms set out in the respective forms. For more information, see the Privacy Policy of <strong>IN\u00caS ALEXANDRE ADVOGADOS<\/strong> available on this Site.<\/p>\n\n\n\n<h4 class=\"wp-block-heading\" id=\"6-exactidao-das-informacoes-e-limitacoes-da-responsabilidade\"><strong>6. Accuracy of Information and Limitations of Liability<\/strong><\/h4>\n\n\n\n<p>The information provided on the Site is essentially aimed at clarifying and informing Users about the activity of the <strong>IN\u00caS ALEXANDRE ADVOGADOS<\/strong>. The information provided was subject to a thorough analysis. However, such information is merely indicative and may contain errors or inaccuracies.<\/p>\n\n\n\n<p>- <strong>IN\u00caS ALEXANDRE ADVOGADOS<\/strong> usar\u00e1 a dilig\u00eancia razo\u00e1vel no sentido de assegurar que toda a informa\u00e7\u00e3o contida no Site \u00e9 exacta e encontra-se actualizada. Contudo, o uso e a leitura dos conte\u00fados deste Site corre exclusivamente por conta e risco do Utilizador.<\/p>\n\n\n\n<p>- <strong>IN\u00caS ALEXANDRE ADVOGADOS<\/strong> will not be responsible for errors that may occur due to system irregularities or failure (temporary or permanent) of the Site. THE <strong>IN\u00caS ALEXANDRE ADVOGADOS<\/strong> will not be responsible for any damages or viruses resulting from the misuse or inability to use the Site.<\/p>\n\n\n\n<h4 class=\"wp-block-heading\" id=\"7-links-para-sites-de-terceiros\"><strong>7. Links to Third Party Sites<\/strong><\/h4>\n\n\n\n<p>- <strong>IN\u00caS ALEXANDRE ADVOGADOS<\/strong> may provide links to pages of other entities. These sites are not owned, operated or controlled by <strong>IN\u00caS ALEXANDRE ADVOGADOS<\/strong>, so the <strong>IN\u00caS ALEXANDRE ADVOGADOS<\/strong> is not responsible for, approves or in any way supports or subscribes to the content of these sites, nor of the sites linked to or referred to in them. The use of these links is the sole responsibility of the Users.<\/p>\n\n\n\n<p>The creation of links to the Website of <strong>IN\u00caS ALEXANDRE ADVOGADOS<\/strong> requires prior written authorization from the <strong>IN\u00caS ALEXANDRE ADVOGADOS<\/strong>.<\/p>\n\n\n\n<h4 class=\"wp-block-heading\" id=\"8-politica-de-cookies\"><strong>8. Cookies Policy<\/strong><\/h4>\n\n\n\n<p><strong>Objective<\/strong><\/p>\n\n\n\n<p>\"Cookies\" are small text files that identify the User's computer on the <strong>IN\u00caS ALEXANDRE ADVOGADOS<\/strong>. Cookies themselves do not identify the individual user, only the computer used. Cookies are not used to collect personal data.<\/p>\n\n\n\n<p>This Site uses cookies that serve to enable or optimize the features offered and to improve the user's browsing experience, helping to determine the usefulness, interest and number of hits to the Site, allowing for faster and more efficient browsing of the same, eliminating need to repeatedly enter the same information. In this way, the <strong>IN\u00caS ALEXANDRE ADVOGADOS<\/strong> will be able to provide a more personalized service tailored to the Users.<\/p>\n\n\n\n<p>The Cookies we usually use, as well as their main characteristics (such as their function) are:<\/p>\n\n\n\n<p><strong>Strictly Necessary and Functionality Cookies<\/strong><\/p>\n\n\n\n<p>These are cookies installed with the aim of enabling or optimizing the features offered by the website and improving the user's browsing experience.<\/p>\n\n\n\n<p><strong>Analytical Cookies<\/strong><\/p>\n\n\n\n<p>These are cookies installed by tools managed by third parties (Google Analytics, Google TagManager, etc.) to monitor the quality of the user's experience when browsing this website.<\/p>\n\n\n\n<p><strong>Third-party cookies<\/strong><\/p>\n\n\n\n<p>Facebook, YouTube, Vimeo, AddThis, Google Maps and other tools managed by third parties may install cookies for the purpose of sharing content on social networks or preparing consultation statistics. The presence, number and status of these cookies may depend on how the platforms in question are used before or during a visit to this website. It is useful to check the cookie management policy of these social networks on their websites. We sometimes use third-party web services to display content within our website, for example, to show images or videos or to carry out surveys. As with sharing buttons for social networks, we cannot prevent these websites or external domains from collecting information about the use made of these embedded content.<\/p>\n\n\n\n<p><strong>Cookie control<\/strong><\/p>\n\n\n\n<p>The authorization for the use of Cookies granted by the user can be deactivated at any time, partially or totally, despite this jeopardizing some features of the websites visited (in particular, this website).<\/p>\n\n\n\n<p>All browsers allow the User to accept, refuse or delete cookies, namely by selecting the appropriate settings in the respective browser. The User can configure cookies in the \"options\" or \"preferences\" menu of the browser. To learn more about cookies, including how you can manage and delete cookies, you can visit www.allaboutcookies.org.<\/p>\n\n\n\n<p>How you do this depends on the browser (web browser) you use (the \u201cBrowser\u201d), so please refer to the \u201cHelp\u201d function of your Browser. For example:<\/p>\n\n\n\n<ul><li>If you use Microsoft Internet Explorer, in the menu option tools &gt; internet options &gt; privacy &gt; configuration.<\/li><li>If you use Firefox, in the menu option tools &gt; options &gt; privacy &gt; cookies.<\/li><li>If you use Chrome, in the options &gt; advanced options &gt; privacy section.<\/li><\/ul>\n\n\n\n<p>Thus, the Browser allows you to exercise some control over Cookies through the respective settings, and most Browsers allow you to block Cookies or block Cookies from specific websites or browse in private mode.<\/p>\n\n\n\n<p>We also mention that, if you authorize the use of Cookies, they may remain on your computer\/device for a long period of time, so we note that you can delete them at any time. By way of example, Browsers may help you to delete Cookies when you close this website. However, if you delete them, you should keep in mind that this means that any opt-outs or preferences defined on the website may be lost, affecting, partially or totally, your browsing experience on the Site.<\/p>\n\n\n\n<p><strong>Google Analytics Opt-out Browser<\/strong><\/p>\n\n\n\n<p>To provide visitors with more choice about how their data is collected by Google Analytics, Google has developed the Google Analytics Browser Opt-out Add-on. The Google Analytics Opt-out Browser Extra does not prevent information from being sent to the website itself or to other web analytics services. Learn more about the Google Analytics Brower Opt-out Extra.<\/p>\n\n\n\n<h4 class=\"wp-block-heading\" id=\"9-validade-dos-termos-e-condicoes-de-utilizacao\"><strong>&nbsp;9. Validity of the Terms and Conditions of Use<\/strong><\/h4>\n\n\n\n<p>If any part or provision of these Terms and Conditions of Use is unenforceable or in conflict with applicable law, the validity of the remaining parts or provisions will not be affected.<\/p>\n\n\n\n<h4 class=\"wp-block-heading\" id=\"10-alteracao-dos-termos-e-condicoes-de-utilizacao\"><strong>10. Change of Terms and Conditions of Use<\/strong><\/h4>\n\n\n\n<p>- <strong>IN\u00caS ALEXANDRE ADVOGADOS<\/strong> reserves the right, at any time, to change, add, update or eliminate, partially or totally, these Terms and Conditions of Use.<\/p>\n\n\n\n<p>The User should periodically consult the page of these Terms and Conditions of Use to confirm if any updates or changes have been made.<\/p>\n\n\n\n<h4 class=\"wp-block-heading\" id=\"11-questoes-e-sugestoes\"><strong>11. Questions and suggestions<\/strong><\/h4>\n\n\n\n<p>If you have any questions about these Terms and Conditions of Use, please send us your request to:<\/p>\n\n\n\n<ul><li>Telephone: (+351) 262 595 232<\/li><li>E-mail: geral@inesalexandre-advogados.pt<\/li><li>Address: Rua Afonso de Albuquerque 19, 1\u00ba Andar, Escrit\u00f3rios 3 e 4<\/li><li>2460-020 Alcoba\u00e7a<\/li><\/ul>\n\n\n\n<h4 class=\"wp-block-heading\" id=\"12-lei-aplicavel\"><strong>12. Applicable law<\/strong><\/h4>\n\n\n\n<p>These Terms and Conditions of Use of the Site are subject to Portuguese law.<\/p>","protected":false},"excerpt":{"rendered":"<p>&nbsp; Termos e Condi\u00e7\u00f5es 1. Introdu\u00e7\u00e3o O presente Site foi criado, pertence e \u00e9 operado pela IN\u00caS ALEXANDRE ADVOGADOS, regendo-se a sua utiliza\u00e7\u00e3o por estes Termos e Condi\u00e7\u00f5es de Utiliza\u00e7\u00e3o. &nbsp;2. Acesso ao Site&nbsp; A IN\u00caS ALEXANDRE ADVOGADOS disponibiliza o presente Site aos utilizadores exclusivamente para efeitos informativos e n\u00e3o comerciais ou publicit\u00e1rios. As informa\u00e7\u00f5es [&hellip;]<\/p>","protected":false},"author":1,"featured_media":0,"parent":0,"menu_order":0,"comment_status":"closed","ping_status":"closed","template":"","meta":[],"_links":{"self":[{"href":"https:\/\/inesalexandre-advogados.pt\/en\/wp-json\/wp\/v2\/pages\/7524"}],"collection":[{"href":"https:\/\/inesalexandre-advogados.pt\/en\/wp-json\/wp\/v2\/pages"}],"about":[{"href":"https:\/\/inesalexandre-advogados.pt\/en\/wp-json\/wp\/v2\/types\/page"}],"author":[{"embeddable":true,"href":"https:\/\/inesalexandre-advogados.pt\/en\/wp-json\/wp\/v2\/users\/1"}],"replies":[{"embeddable":true,"href":"https:\/\/inesalexandre-advogados.pt\/en\/wp-json\/wp\/v2\/comments?post=7524"}],"version-history":[{"count":4,"href":"https:\/\/inesalexandre-advogados.pt\/en\/wp-json\/wp\/v2\/pages\/7524\/revisions"}],"predecessor-version":[{"id":7534,"href":"https:\/\/inesalexandre-advogados.pt\/en\/wp-json\/wp\/v2\/pages\/7524\/revisions\/7534"}],"wp:attachment":[{"href":"https:\/\/inesalexandre-advogados.pt\/en\/wp-json\/wp\/v2\/media?parent=7524"}],"curies":[{"name":"wp","href":"https:\/\/api.w.org\/{rel}","templated":true}]}}