{"id":7524,"date":"2022-02-14T09:58:20","date_gmt":"2022-02-14T09:58:20","guid":{"rendered":"https:\/\/inesalexandreadvogados.site\/?page_id=7524"},"modified":"2022-02-14T10:03:15","modified_gmt":"2022-02-14T10:03:15","slug":"termos-e-condicoes","status":"publish","type":"page","link":"https:\/\/inesalexandre-advogados.pt\/zh\/termos-e-condicoes\/","title":{"rendered":"\u6761\u6b3e\u548c\u6761\u4ef6"},"content":{"rendered":"<h4 class=\"wp-block-heading\">&nbsp;<\/h4>\n\n\n\n<h2 class=\"wp-block-heading\" id=\"termos-e-condicoes\">\u6761\u6b3e\u548c\u6761\u4ef6<\/h2>\n\n\n\n<h4 class=\"wp-block-heading\" id=\"1-introducao\"><strong>1. Introdu\u00e7\u00e3o<\/strong><\/h4>\n\n\n\n<p>O presente Site foi criado, pertence e \u00e9 operado pela <strong>IN\u00caS ALEXANDRE ADVOGADOS, <\/strong>regendo-se a sua utiliza\u00e7\u00e3o por estes Termos e Condi\u00e7\u00f5es de Utiliza\u00e7\u00e3o.<\/p>\n\n\n\n<h4 class=\"wp-block-heading\" id=\"2-acesso-ao-site\"><strong>&nbsp;2. Acesso ao Site&nbsp;<\/strong><\/h4>\n\n\n\n<p>A <strong>IN\u00caS ALEXANDRE ADVOGADOS<\/strong> disponibiliza o presente Site aos utilizadores exclusivamente para efeitos informativos e n\u00e3o comerciais ou publicit\u00e1rios. As informa\u00e7\u00f5es constantes do presente Site n\u00e3o podem ser entendidas como aconselhamento jur\u00eddico. As informa\u00e7\u00f5es contidas neste Site n\u00e3o s\u00e3o confidenciais e n\u00e3o estabelecem uma rela\u00e7\u00e3o de advogado-cliente com a <strong>IN\u00caS ALEXANDRE ADVOGADOS<\/strong> ou com qualquer dos seus advogados. O Site n\u00e3o constitui uma proposta no sentido de representar o Utilizador e o Utilizador n\u00e3o deve actuar ou deixar de actuar com base em qualquer informa\u00e7\u00e3o contida neste Site.<\/p>\n\n\n\n<p>A <strong>IN\u00caS ALEXANDRE ADVOGADOS<\/strong> tem o direito exclusivo de a todo o tempo, suspender, parcial ou totalmente o acesso ao Site, em especial nas opera\u00e7\u00f5es de gest\u00e3o, manuten\u00e7\u00e3o, repara\u00e7\u00e3o, altera\u00e7\u00e3o ou moderniza\u00e7\u00e3o e encerrar, definitiva ou temporariamente, parcial ou totalmente, a qualquer momento, o Site.<\/p>\n\n\n\n<h4 class=\"wp-block-heading\" id=\"3-aceitacao-dos-termos-e-condicoes-de-utilizacao\"><strong>&nbsp;3. Aceita\u00e7\u00e3o dos Termos e Condi\u00e7\u00f5es de Utiliza\u00e7\u00e3o<\/strong><\/h4>\n\n\n\n<p>Por favor, leia com aten\u00e7\u00e3o estes Termos e Condi\u00e7\u00f5es de Utiliza\u00e7\u00e3o antes de utilizar este Site. O utilizador do Site (\u201cUtilizador\u201d) reconhece que ao usar este Site est\u00e1 a aceitar estes Termos e Condi\u00e7\u00f5es de Utiliza\u00e7\u00e3o, que s\u00e3o vinculativos entre o Utilizador e a <strong>IN\u00caS ALEXANDRE ADVOGADOS<\/strong>. Caso n\u00e3o concorde com os presentes Termos e Condi\u00e7\u00f5es de Utiliza\u00e7\u00e3o, por favor n\u00e3o utilize este Site.<\/p>\n\n\n\n<h4 class=\"wp-block-heading\" id=\"4-direitos-de-propriedade-intelectual\"><strong>&nbsp;4. Direitos de propriedade intelectual<\/strong><\/h4>\n\n\n\n<p>O Utilizador reconhece que os conte\u00fados deste Site est\u00e3o protegidos por direitos de propriedade intelectual e obriga-se a respeitar tais direitos.<\/p>\n\n\n\n<p>Os direitos sobre textos, imagens, gr\u00e1ficos, som e anima\u00e7\u00e3o e todas as outras informa\u00e7\u00f5es e a forma em que s\u00e3o representadas graficamente no Site, incluindo as marcas, log\u00f3tipos e s\u00edmbolos, assim como a disposi\u00e7\u00e3o e a estrutura do Site s\u00e3o da titularidade da <strong>IN\u00caS ALEXANDRE ADVOGADOS<\/strong> ou foram devidamente licenciados a favor da <strong>IN\u00caS ALEXANDRE ADVOGADOS<\/strong>.<\/p>\n\n\n\n<p>O Utilizador n\u00e3o est\u00e1 autorizado a transmitir, publicar, modificar, copiar, vender, utilizar ou distribuir, por qualquer forma, os textos, imagens ou outras informa\u00e7\u00f5es contidas neste Site ou parte do Site sem autoriza\u00e7\u00e3o pr\u00e9via, por escrito, da <strong>IN\u00caS ALEXANDRE ADVOGADOS<\/strong>. A utiliza\u00e7\u00e3o de marcas e log\u00f3tipos neste Site, assim como a disponibiliza\u00e7\u00e3o dos materiais existentes no Site, n\u00e3o concedem, nem podem ser interpretados como concedendo, permiss\u00e3o aos Utilizadores para utilizar, directa ou indirectamente, tais marcas, log\u00f3tipos ou materiais.<\/p>\n\n\n\n<p>Este Site tamb\u00e9m cont\u00e9m refer\u00eancia a objectos de propriedade intelectual de terceiros. Nada nos presentes Termos e Condi\u00e7\u00f5es de Utiliza\u00e7\u00e3o constitui concess\u00e3o de uma licen\u00e7a ou autoriza\u00e7\u00e3o relativamente a qualquer parte dessa informa\u00e7\u00e3o.<\/p>\n\n\n\n<h4 class=\"wp-block-heading\" id=\"5-tratamento-de-dados-pessoais\"><strong>&nbsp;5. Tratamento de dados pessoais<\/strong><\/h4>\n\n\n\n<p>A <strong>IN\u00caS ALEXANDRE ADVOGADOS<\/strong> est\u00e1 empenhada em proteger a privacidade do Utilizador do Site. A navega\u00e7\u00e3o atrav\u00e9s do presente site n\u00e3o implica, necessariamente, o fornecimento de dados pessoais.<\/p>\n\n\n\n<p>A <strong>IN\u00caS ALEXANDRE ADVOGADOS<\/strong> disponibiliza, no entanto, atrav\u00e9s do presente Site, formul\u00e1rios de candidatura on-line. O preenchimento dos referidos formul\u00e1rios implica o fornecimento de dados pessoais, sendo os mesmos utilizados nos termos previstos nos respectivos formul\u00e1rios. Para mais informa\u00e7\u00f5es consulte a Pol\u00edtica de Privacidade da <strong>IN\u00caS ALEXANDRE ADVOGADOS<\/strong> dispon\u00edvel neste Site.<\/p>\n\n\n\n<h4 class=\"wp-block-heading\" id=\"6-exactidao-das-informacoes-e-limitacoes-da-responsabilidade\"><strong>6. Exactid\u00e3o das informa\u00e7\u00f5es e limita\u00e7\u00f5es da responsabilidade<\/strong><\/h4>\n\n\n\n<p>A informa\u00e7\u00e3o disponibilizada no Site visa essencialmente esclarecer e informar os Utilizadores sobre a actividade da <strong>IN\u00caS ALEXANDRE ADVOGADOS<\/strong>. As informa\u00e7\u00f5es prestadas foram objecto de uma an\u00e1lise minuciosa. No entanto, tais informa\u00e7\u00f5es t\u00eam um car\u00e1cter meramente indicativo, podendo conter erros ou imprecis\u00f5es.<\/p>\n\n\n\n<p>A <strong>IN\u00caS ALEXANDRE ADVOGADOS<\/strong> usar\u00e1 a dilig\u00eancia razo\u00e1vel no sentido de assegurar que toda a informa\u00e7\u00e3o contida no Site \u00e9 exacta e encontra-se actualizada. Contudo, o uso e a leitura dos conte\u00fados deste Site corre exclusivamente por conta e risco do Utilizador.<\/p>\n\n\n\n<p>A <strong>IN\u00caS ALEXANDRE ADVOGADOS<\/strong> n\u00e3o ser\u00e1 respons\u00e1vel por erros que possam ocorrer devido a irregularidades do sistema ou falha (tempor\u00e1ria ou permanente) do Site. A <strong>IN\u00caS ALEXANDRE ADVOGADOS<\/strong> n\u00e3o se responsabilizar\u00e1 por quaisquer danos ou v\u00edrus resultantes da utiliza\u00e7\u00e3o indevida ou da impossibilidade de utiliza\u00e7\u00e3o do Site.<\/p>\n\n\n\n<h4 class=\"wp-block-heading\" id=\"7-links-para-sites-de-terceiros\"><strong>7. Links para sites de terceiros<\/strong><\/h4>\n\n\n\n<p>A <strong>IN\u00caS ALEXANDRE ADVOGADOS<\/strong> poder\u00e1 disponibilizar links para p\u00e1ginas de outras entidades. Estes sites n\u00e3o pertencem nem s\u00e3o operados ou controlados pela <strong>IN\u00caS ALEXANDRE ADVOGADOS<\/strong>, pelo que a <strong>IN\u00caS ALEXANDRE ADVOGADOS<\/strong> n\u00e3o se responsabiliza, aprova ou por qualquer forma apoia ou subscreve o conte\u00fado desses sites, nem dos sites com ele ligados ou neles referidos. A utiliza\u00e7\u00e3o destes links \u00e9 da inteira responsabilidade dos Utilizadores.<\/p>\n\n\n\n<p>A cria\u00e7\u00e3o de links para o Site da <strong>IN\u00caS ALEXANDRE ADVOGADOS<\/strong> carece de autoriza\u00e7\u00e3o pr\u00e9via, por escrito, da <strong>IN\u00caS ALEXANDRE ADVOGADOS<\/strong>.<\/p>\n\n\n\n<h4 class=\"wp-block-heading\" id=\"8-politica-de-cookies\"><strong>8. Pol\u00edtica de Cookies<\/strong><\/h4>\n\n\n\n<p><strong>Objectivo<\/strong><\/p>\n\n\n\n<p>Os &#8220;cookies&#8221; s\u00e3o pequenos arquivos de texto que identificam o computador do Utilizador no servidor da <strong>IN\u00caS ALEXANDRE ADVOGADOS<\/strong>. Os cookies em si n\u00e3o identificam o utilizador individual, apenas o computador utilizado. Os cookies n\u00e3o s\u00e3o usados para recolher dados pessoais.<\/p>\n\n\n\n<p>Este Site utiliza cookies que servem para viabilizar ou optimizar as funcionalidades oferecidas e de melhorar a experi\u00eancia de navega\u00e7\u00e3o do utilizador, ajudando a determinar a utilidade, interesse e o n\u00famero de acessos ao Site, permitindo uma navega\u00e7\u00e3o mais r\u00e1pida e eficiente do mesmo, eliminando a necessidade de introduzir repetidamente as mesmas informa\u00e7\u00f5es. Desta forma, a <strong>IN\u00caS ALEXANDRE ADVOGADOS<\/strong> poder\u00e1 prestar um servi\u00e7o mais personalizado e \u00e0 medida dos Utilizadores.<\/p>\n\n\n\n<p>Os Cookies que utilizamos habitualmente, bem como as suas principais caracter\u00edsticas (tais como a sua fun\u00e7\u00e3o) s\u00e3o:<\/p>\n\n\n\n<p><strong>Cookies estritamente necess\u00e1rios e de Funcionalidade<\/strong><\/p>\n\n\n\n<p>S\u00e3o cookies instalados com o objectivo de viabilizar ou optimizar as funcionalidades oferecidas pelo website e de melhorar a experi\u00eancia de navega\u00e7\u00e3o do utilizador.<\/p>\n\n\n\n<p><strong>Cookies Anal\u00edticos<\/strong><\/p>\n\n\n\n<p>S\u00e3o cookies instalados por ferramentas geridas por terceiros (Google Analytics, Google TagManager, etc.) para acompanhar a qualidade da experi\u00eancia do utilizador na navega\u00e7\u00e3o neste website.<\/p>\n\n\n\n<p><strong>Cookies de terceiros<\/strong><\/p>\n\n\n\n<p>Facebook, YouTube, Vimeo, AddThis, Google Maps e outros instrumentos geridos por terceiros podem instalar cookies para fins de partilha de conte\u00fados nas redes sociais ou de elabora\u00e7\u00e3o de estat\u00edsticas de consulta. A presen\u00e7a, o n\u00famero e o estatuto destes cookies podem depender da forma de utiliza\u00e7\u00e3o das plataformas em quest\u00e3o antes ou durante uma visita a este website. \u00c9 \u00fatil verificar qual a pol\u00edtica de gest\u00e3o dos cookies dessas redes sociais nos respectivos websites. Por vezes utilizamos servi\u00e7os web de terceiros para mostrar conte\u00fados dentro do nosso website, por exemplo, para mostrar imagens ou v\u00eddeos ou para realizar inqu\u00e9ritos. \u00c0 semelhan\u00e7a dos bot\u00f5es de partilha para redes sociais, n\u00e3o podemos evitar que estes websites ou dom\u00ednios externos recolham informa\u00e7\u00f5es acerca da utiliza\u00e7\u00e3o feita destes conte\u00fados incorporados.<\/p>\n\n\n\n<p><strong>Controlo de cookies<\/strong><\/p>\n\n\n\n<p>A autoriza\u00e7\u00e3o do uso de Cookies concedida pelo utilizador pode ser desactivada a qualquer momento, parcial ou totalmente, n\u00e3o obstante isso colocar em causa algumas funcionalidades dos websites visitados (em particular, do presente website).<\/p>\n\n\n\n<p>Todos os browsers permitem ao Utilizador aceitar, recusar ou apagar cookies, nomeadamente atrav\u00e9s da selec\u00e7\u00e3o das defini\u00e7\u00f5es apropriadas no respectivo navegador. O Utilizador pode configurar os cookies no menu &#8220;op\u00e7\u00f5es&#8221; ou &#8220;prefer\u00eancias&#8221; do browser. Para saber mais sobre os cookies, incluindo a forma como pode gerir e excluir os cookies, o Utilizador poder\u00e1 visitar www.allaboutcookies.org.<\/p>\n\n\n\n<p>A forma como faz isso depende do navegador (web browser) que utiliza (o \u201cNavegador\u201d), pelo que solicitamos que consulte a fun\u00e7\u00e3o &#8220;Ajuda&#8221; do seu Navegador. Por exemplo:<\/p>\n\n\n\n<ul><li>Se utiliza Microsoft Internet Explorer, na op\u00e7\u00e3o de menu ferramentas &gt; op\u00e7\u00f5es de internet &gt; privacidade &gt; configura\u00e7\u00e3o.<\/li><li>Se utiliza Firefox, na op\u00e7\u00e3o de menu ferramentas &gt; op\u00e7\u00f5es &gt; privacidade &gt; cookies.<\/li><li>Se utiliza Chrome, na sec\u00e7\u00e3o de op\u00e7\u00f5es &gt; op\u00e7\u00f5es avan\u00e7adas &gt; privacidade.<\/li><\/ul>\n\n\n\n<p>Assim, o Navegador permite exercer algum controle de Cookies atrav\u00e9s das respectivas configura\u00e7\u00f5es, sendo que a maioria dos Navegadores permitem bloquear Cookies ou bloquear Cookies de websites espec\u00edficos ou navegar em modo privado.<\/p>\n\n\n\n<p>Referimos igualmente que, se autorizar a utiliza\u00e7\u00e3o dos Cookies, eles poder\u00e3o permanecer no seu computador\/dispositivo por um longo per\u00edodo temporal, pelo que notamos que poder\u00e1, a todo o tempo, elimin\u00e1-los. A t\u00edtulo de exemplo, os Navegadores poder\u00e3o ajud\u00e1-lo a apagar os Cookies quando fechar este website. No entanto, caso os elimine, dever\u00e1 ter em considera\u00e7\u00e3o que isso significa que quaisquer opt-outs ou prefer\u00eancias definidas no website poder\u00e3o ser perdidas, afectando, parcial ou totalmente, a sua experi\u00eancia de navega\u00e7\u00e3o no Site.<\/p>\n\n\n\n<p><strong>Google Analytics navegador opt-out<\/strong><\/p>\n\n\n\n<p>Para fornecer aos visitantes mais escolha sobre como os seus dados s\u00e3o recolhidos pelo Google Analytics, o Google desenvolveu o Google Analytics Navegador Opt-out Add-on. O Google Analytics Navegador Opt-out extra n\u00e3o impede que as informa\u00e7\u00f5es sejam enviadas para o website em si ou para outros servi\u00e7os da web analytics. Saiba mais sobre o Google Analytics Brower Opt-out extra.<\/p>\n\n\n\n<h4 class=\"wp-block-heading\" id=\"9-validade-dos-termos-e-condicoes-de-utilizacao\"><strong>&nbsp;9. Validade dos Termos e Condi\u00e7\u00f5es de Utiliza\u00e7\u00e3o<\/strong><\/h4>\n\n\n\n<p>Se alguma parte ou disposi\u00e7\u00e3o dos presentes Termos e Condi\u00e7\u00f5es de Utiliza\u00e7\u00e3o n\u00e3o for execut\u00e1vel ou estiver em conflito com a lei aplic\u00e1vel, a validade das restantes partes ou disposi\u00e7\u00f5es n\u00e3o ser\u00e1 afectada.<\/p>\n\n\n\n<h4 class=\"wp-block-heading\" id=\"10-alteracao-dos-termos-e-condicoes-de-utilizacao\"><strong>10. Altera\u00e7\u00e3o dos Termos e Condi\u00e7\u00f5es de Utiliza\u00e7\u00e3o<\/strong><\/h4>\n\n\n\n<p>A <strong>IN\u00caS ALEXANDRE ADVOGADOS<\/strong> reserva-se o direito de, a qualquer momento, alterar, adicionar, actualizar ou eliminar, parcial ou totalmente, os presentes Termos e Condi\u00e7\u00f5es de Utiliza\u00e7\u00e3o.<\/p>\n\n\n\n<p>O Utilizador deve consultar periodicamente a p\u00e1gina destes Termos e Condi\u00e7\u00f5es de Utiliza\u00e7\u00e3o para confirmar se foram efectuadas quaisquer actualiza\u00e7\u00f5es ou altera\u00e7\u00f5es.<\/p>\n\n\n\n<h4 class=\"wp-block-heading\" id=\"11-questoes-e-sugestoes\"><strong>11. Quest\u00f5es e sugest\u00f5es<\/strong><\/h4>\n\n\n\n<p>Se tiver alguma quest\u00e3o sobre os presentes Termos e Condi\u00e7\u00f5es de Utiliza\u00e7\u00e3o, por favor envie-nos o seu pedido para:<\/p>\n\n\n\n<ul><li>Telefone: (+351) 262 595 232<\/li><li>e-mail: geral@inesalexandre-advogados.pt<\/li><li>Morada: Rua Afonso de Albuquerque 19, 1\u00ba Andar, Escrit\u00f3rios 3 e 4<\/li><li>2460-020 Alcoba\u00e7a<\/li><\/ul>\n\n\n\n<h4 class=\"wp-block-heading\" id=\"12-lei-aplicavel\"><strong>12. Lei aplic\u00e1vel<\/strong><\/h4>\n\n\n\n<p>Estes Termos e Condi\u00e7\u00f5es de Utiliza\u00e7\u00e3o do Site encontram-se sujeitos \u00e0 lei portuguesa.<\/p>","protected":false},"excerpt":{"rendered":"<p>&nbsp; Termos e Condi\u00e7\u00f5es 1. Introdu\u00e7\u00e3o O presente Site foi criado, pertence e \u00e9 operado pela IN\u00caS ALEXANDRE ADVOGADOS, regendo-se a sua utiliza\u00e7\u00e3o por estes Termos e Condi\u00e7\u00f5es de Utiliza\u00e7\u00e3o. &nbsp;2. Acesso ao Site&nbsp; A IN\u00caS ALEXANDRE ADVOGADOS disponibiliza o presente Site aos utilizadores exclusivamente para efeitos informativos e n\u00e3o comerciais ou publicit\u00e1rios. As informa\u00e7\u00f5es [&hellip;]<\/p>","protected":false},"author":1,"featured_media":0,"parent":0,"menu_order":0,"comment_status":"closed","ping_status":"closed","template":"","meta":[],"_links":{"self":[{"href":"https:\/\/inesalexandre-advogados.pt\/zh\/wp-json\/wp\/v2\/pages\/7524"}],"collection":[{"href":"https:\/\/inesalexandre-advogados.pt\/zh\/wp-json\/wp\/v2\/pages"}],"about":[{"href":"https:\/\/inesalexandre-advogados.pt\/zh\/wp-json\/wp\/v2\/types\/page"}],"author":[{"embeddable":true,"href":"https:\/\/inesalexandre-advogados.pt\/zh\/wp-json\/wp\/v2\/users\/1"}],"replies":[{"embeddable":true,"href":"https:\/\/inesalexandre-advogados.pt\/zh\/wp-json\/wp\/v2\/comments?post=7524"}],"version-history":[{"count":4,"href":"https:\/\/inesalexandre-advogados.pt\/zh\/wp-json\/wp\/v2\/pages\/7524\/revisions"}],"predecessor-version":[{"id":7534,"href":"https:\/\/inesalexandre-advogados.pt\/zh\/wp-json\/wp\/v2\/pages\/7524\/revisions\/7534"}],"wp:attachment":[{"href":"https:\/\/inesalexandre-advogados.pt\/zh\/wp-json\/wp\/v2\/media?parent=7524"}],"curies":[{"name":"wp","href":"https:\/\/api.w.org\/{rel}","templated":true}]}}